{"id":1902,"date":"2015-08-29T19:34:40","date_gmt":"2015-08-29T16:34:40","guid":{"rendered":"http:\/\/nurka.ee\/?page_id=1902"},"modified":"2025-05-20T18:40:57","modified_gmt":"2025-05-20T15:40:57","slug":"tudrukute-kamber","status":"publish","type":"page","link":"http:\/\/nurka.ee\/en\/toad\/tudrukute-kamber\/","title":{"rendered":"T\u00fcdrukute kamber"},"content":{"rendered":"<p><div class=\"fusion-fullwidth fullwidth-box fusion-fullwidth-2  fusion-parallax-none nonhundred-percent-fullwidth\" style=\"border-color:#eae9e9;border-bottom-width: 0px;border-top-width: 0px;border-bottom-style: solid;border-top-style: solid;padding-bottom:95px;padding-top:0px;padding-left:0px;padding-right:0px;\"><style type=\"text\/css\" scoped=\"scoped\">.fusion-fullwidth-2 {\n                            padding-left: 0px !important;\n                            padding-right: 0px !important;\n                        }<\/style><div class=\"fusion-row\"><div class=\"fusion-three-fifth fusion-layout-column fusion-spacing-no\" style=\"margin-top:0px;margin-bottom:20px;\"><div class=\"fusion-column-wrapper\"><p>\u00dcLEVAADE TOAST<\/p>\n<h1>T\u00fcdrukute kamber<\/h1>\n<div class=\"fusion-sep-clear\"><\/div><div class=\"fusion-separator sep-single\" style=\"border-color:#993300;border-top-width:1px;margin-top:0px;margin-bottom:20px;width:100%;max-width:50px;\"><\/div><p style=\"text-align: left; padding-right: 30px;\">Kahene majutus, lisakohtade v\u00f5imalus. Kambris on veel laud ja toolid. Suvisel ajal ideaalne koht magamiseks.<\/p>\n<p style=\"text-align: left; padding-right: 30px;\">K\u00fclaliste \u00fchises kasutuses on \u00fcle \u00f5ue k\u00e4sit\u00f6\u00f6majas olev pesuruum, WC, avar ja t\u00e4isvarustuses k\u00f6\u00f6k. Olemas on ka Internet WiFi.<\/p>\n<p style=\"text-align: left; padding-right: 30px;\">Hinna sees on voodipesu ja k\u00e4ter\u00e4tikud.<\/p>\n<p style=\"text-align: left; padding-right: 30px;\">Check in 12.00 ja check out 12.00<br \/>\nMaksmine on sularahas v\u00f5i \u00fclekandega<br \/>\n<strong>Hind alates 50 \u20ac<\/strong><\/p>\n<p style=\"text-align: left; padding-right: 30px;\">V\u00f5imalik rentida terve h\u00e4\u00e4rber, seminarimaja v\u00f5i kogu kompleks.<\/p>\n<div class=\"fusion-clearfix\"><\/div><\/div><\/div><div class=\"fusion-two-fifth fusion-layout-column fusion-column-last fusion-spacing-no\" style=\"margin-top:0px;margin-bottom:20px;\"><div class=\"fusion-column-wrapper\" style=\"background-color:#f4f6f8;border:1px solid #ebeef1;padding:20px;\"><p style=\"text-align: center;\">PUHKUS JA MAJUTUS NURKA TALUS<\/p>\n<h2 style=\"text-align: center;\">Broneeri t\u00e4na<\/h2>\n<div class=\"fusion-sep-clear\"><\/div><div class=\"fusion-separator fusion-full-width-sep sep-single\" style=\"border-color:#993300;border-top-width:1px;margin-left: auto;margin-right: auto;margin-top:0px;margin-bottom:30px;\"><\/div><!-- HTML Forms v1.5.3 - https:\/\/wordpress.org\/plugins\/html-forms\/ -->\n<form method=\"post\"  class=\"hf-form hf-form-3040 \" data-id=\"3040\" data-title=\"Broneerimine - EN\" data-slug=\"broneerimine-en\" data-message-success=\"Thank you! We will be in touch soon.\" data-message-invalid-email=\"Sorry, that email address looks invalid.\" data-message-required-field-missing=\"Please fill in the required fields.\" data-message-error=\"Oops. An error occurred.\"><input type=\"hidden\" name=\"_hf_form_id\" value=\"3040\" \/><div style=\"display: none;\"><input type=\"text\" name=\"_hf_h3040\" value=\"\" \/><\/div><div class=\"hf-fields-wrap\"><p>\r\n\t<label>Name<\/label>\r\n\t<input type=\"text\" name=\"NAME\" required \/>\r\n<\/p>\r\n<p>\r\n\t<label>Email<\/label>\r\n\t<input type=\"text\" name=\"email\" required \/>\r\n<\/p>\r\n<p>\r\n\t<label>Phone<\/label>\r\n\t<input type=\"text\" name=\"phone\" required \/>\r\n<\/p>\r\n<p>\r\n\t<label>Adults<\/label>\r\n\t\t<input type=\"text\" name=\"adults\" required \/>\r\n<\/p>\r\n<p>\r\n\t<label>Children<\/label>\r\n\t\t<input type=\"text\" name=\"children\" required \/>\r\n<\/p>\r\n<p>\r\n\t<label>Arrival<\/label>\r\n\t\t<input type=\"text\" name=\"arrival\" placeholder=\"02.05.2025\" required \/>\r\n<\/p>\r\n<p>\r\n\t<label>Departure<\/label>\r\n\t\t<input type=\"text\" name=\"departure\" placeholder=\"01.05.2025\" required \/>\r\n<\/p>\r\n<p>\r\n\t<label>Message (If you're planning to visit us with kids, please let us know of their ages. Thank you!)<\/label>\r\n\t\t<input type=\"text\" name=\"message\" placeholder=\"\"\/>\r\n<\/p>\r\n\r\n<p>\r\n\t<input type=\"submit\" value=\"Send\" \/>\r\n<\/p>\r\n<noscript>Please enable JavaScript for this form to work.<\/noscript><\/div><\/form><!-- \/ HTML Forms -->\n<div class=\"fusion-sep-clear\"><\/div><div class=\"fusion-separator fusion-full-width-sep sep-none\" style=\"border-color:#e0dede;margin-left: auto;margin-right: auto;margin-top:-20px;\"><\/div><div class=\"fusion-clearfix\"><\/div><\/div><\/div><div class=\"fusion-clearfix\"><\/div><div class=\"fusion-sep-clear\"><\/div><div class=\"fusion-separator fusion-full-width-sep sep-none\" style=\"border-color:#e0dede;margin-left: auto;margin-right: auto;margin-top:13px;margin-bottom:13px;\"><\/div><div class=\"fusion-image-carousel fusion-image-carousel-auto lightbox-enabled fusion-carousel-border\"><div class=\"fusion-carousel\" data-autoplay=\"no\" data-columns=\"3\" data-itemmargin=\"30\" data-itemwidth=\"180\" data-touchscroll=\"no\" data-imagesize=\"auto\"><div class=\"fusion-carousel-positioner\"><ul class=\"fusion-carousel-holder\"><li class=\"fusion-carousel-item\"><div class=\"fusion-carousel-item-wrapper\"><div class=\"fusion-image-wrapper hover-type-liftup\"><a data-rel=\"iLightbox[gallery_image_2]\" data-caption=\"Konverentsi maja\" data-title=\"konverentsimaja\" href=\"http:\/\/nurka.ee\/wp-content\/uploads\/2015\/09\/konverentsimaja1.jpg\" target=\"_self\"><img src=\"http:\/\/nurka.ee\/wp-content\/uploads\/2015\/09\/konverentsimaja1.jpg\" alt=\"\" \/><\/a><\/div><\/div><\/li><li class=\"fusion-carousel-item\"><div class=\"fusion-carousel-item-wrapper\"><div class=\"fusion-image-wrapper hover-type-liftup\"><a data-rel=\"iLightbox[gallery_image_2]\" data-caption=\"Konverentsi maja k\u00f6\u00f6k\" data-title=\"konverents_soogituba\" href=\"http:\/\/nurka.ee\/wp-content\/uploads\/2015\/09\/konverents_soogituba.jpg\" target=\"_self\"><img src=\"http:\/\/nurka.ee\/wp-content\/uploads\/2015\/09\/konverents_soogituba.jpg\" alt=\"\" \/><\/a><\/div><\/div><\/li><li class=\"fusion-carousel-item\"><div class=\"fusion-carousel-item-wrapper\"><div class=\"fusion-image-wrapper hover-type-liftup\"><a data-rel=\"iLightbox[gallery_image_2]\" data-caption=\"Nurka talu\" data-title=\"nurka_talu\" href=\"http:\/\/nurka.ee\/wp-content\/uploads\/2015\/09\/nurka_talu.jpg\" target=\"_self\"><img src=\"http:\/\/nurka.ee\/wp-content\/uploads\/2015\/09\/nurka_talu.jpg\" alt=\"\" \/><\/a><\/div><\/div><\/li><\/ul><div class=\"fusion-carousel-nav\"><span class=\"fusion-nav-prev\"><\/span><span class=\"fusion-nav-next\"><\/span><\/div><\/div><\/div><\/div><\/div><\/div><\/p>","protected":false},"excerpt":{"rendered":"","protected":false},"author":1,"featured_media":0,"parent":1856,"menu_order":0,"comment_status":"closed","ping_status":"closed","template":"100-width.php","meta":{"ngg_post_thumbnail":0},"_links":{"self":[{"href":"http:\/\/nurka.ee\/en\/wp-json\/wp\/v2\/pages\/1902"}],"collection":[{"href":"http:\/\/nurka.ee\/en\/wp-json\/wp\/v2\/pages"}],"about":[{"href":"http:\/\/nurka.ee\/en\/wp-json\/wp\/v2\/types\/page"}],"author":[{"embeddable":true,"href":"http:\/\/nurka.ee\/en\/wp-json\/wp\/v2\/users\/1"}],"replies":[{"embeddable":true,"href":"http:\/\/nurka.ee\/en\/wp-json\/wp\/v2\/comments?post=1902"}],"version-history":[{"count":12,"href":"http:\/\/nurka.ee\/en\/wp-json\/wp\/v2\/pages\/1902\/revisions"}],"predecessor-version":[{"id":3058,"href":"http:\/\/nurka.ee\/en\/wp-json\/wp\/v2\/pages\/1902\/revisions\/3058"}],"up":[{"embeddable":true,"href":"http:\/\/nurka.ee\/en\/wp-json\/wp\/v2\/pages\/1856"}],"wp:attachment":[{"href":"http:\/\/nurka.ee\/en\/wp-json\/wp\/v2\/media?parent=1902"}],"curies":[{"name":"wp","href":"https:\/\/api.w.org\/{rel}","templated":true}]}}